{"id":7400,"date":"2021-09-13T20:57:42","date_gmt":"2021-09-13T18:57:42","guid":{"rendered":"https:\/\/sebastiannapora.com\/regulamin-strony\/"},"modified":"2021-09-22T09:28:24","modified_gmt":"2021-09-22T07:28:24","slug":"regulamin-strony","status":"publish","type":"page","link":"https:\/\/sebastiannapora.com\/pl\/regulamin-strony\/","title":{"rendered":"Regulamin strony"},"content":{"rendered":"\r\n<h4 class=\"wp-block-heading\">Informacje o prawach autorskich<\/h4>\r\n\r\n\r\n\r\n<p>Wszystkie fotografie oraz teksty zamieszczone na stronie sebastiannapora.com s\u0105 w\u0142asno\u015bci\u0105 Sebastiana Napory i chronione prawem autorskim.<\/p>\r\n\r\n\r\n\r\n<p>Linki do zawarto\u015bci Strony mo\u017cna publikowa\u0107 w mediach spo\u0142eczno\u015bciowych, je\u015bli w tek\u015bcie wiadomo\u015bci znajdzie si\u0119 informacja o tym kto jest autorem zdj\u0119cia oraz link to galerii na sebastiannapora, z kt\u00f3rej to zdj\u0119cie pochodzi.<\/p>\r\n\r\n\r\n\r\n<p>Zabronione jest kopiowanie i rozpowszechnianie materia\u0142\u00f3w znajduj\u0105cych si\u0119 na niniejszej stronie internetowej. W celu uzyskania zgody na kopiowanie lub rozpowszechnianie fotografii na stronie prosz\u0119 o kontakt pod adresem: contact@sebastiannapora.com.<\/p>\r\n\r\n\r\n\r\n<h4 class=\"wp-block-heading\">Sklep<\/h4>\r\n\r\n\r\n\r\n<p><strong>P\u0142atno\u015bci<\/strong><\/p>\r\n\r\n\r\n\r\n<p>P\u0142atno\u015bci w sklepie na Stronie s\u0105 realizowane przez systemy p\u0142atno\u015bci online Stripe oraz Przelewy24, kt\u00f3re gwarantuj\u0105 natychmiastowy przep\u0142yw pieni\u0119dzy z rachunku bankowego b\u0105d\u017a z karty kredytowej na moje konto. Po dokonaniu zakupu drog\u0105 mailow\u0105 otrzymasz potwierdzenie zawarcia transakcji wraz z linkiem do zam\u00f3wienia, gdzie b\u0119dzie mo\u017cna \u015bledzi\u0107 jego realizacj\u0119. Po dokonaniu p\u0142atno\u015bci otrzymasz r\u00f3wnie\u017c maila z potwierdzeniem.<\/p>\r\n\r\n\r\n\r\n<p><strong>Przygotowanie zam\u00f3wienia<\/strong><\/p>\r\n\r\n\r\n\r\n<p>Fotografie s\u0105 drukowane, oprawiane oraz przygotowywane do wysy\u0142ki przez <a href=\"https:\/\/estimo.co\" target=\"_blank\" rel=\"noopener\">Estimo<\/a>. Wszystkie produkty w sklepie s\u0105 przygotowywane pod konkretne zam\u00f3wienie. Po z\u0142o\u017ceniu zam\u00f3wienia skontaktujemy si\u0119 z Tob\u0105 w celu uzgodnienia jak ma wygl\u0105da\u0107 oprawione zdj\u0119cie. Rodzaj papieru, typ i kolor ramki oraz rozmiar passe-partout (marginesu) dopieramy do kompozycji ka\u017cdego zdj\u0119cia oraz do indywidualnych upodoba\u0144 zamawiaj\u0105cego.<\/p>\r\n\r\n\r\n\r\n<p>Przygotowanie zam\u00f3wienia mo\u017ce potrwa\u0107 do 2 tygodni, w zale\u017cno\u015bci od tego jak ma wygl\u0105da\u0107 produkt finalny.<\/p>\r\n\r\n\r\n\r\n<p><strong>Wysy\u0142ka<\/strong><\/p>\r\n\r\n\r\n\r\n<p>Obecnie realizujemy wysy\u0142k\u0119 wy\u0142\u0105cznie do kraj\u00f3w Unii Europejskiej. Je\u015bli zdj\u0119cie ma zosta\u0107 wys\u0142ane poza granice Unii, prosz\u0119 o <a href=\"https:\/\/sebastiannapora.com\/pl\/o-mnie-kontakt\/\">kontakt<\/a> a na pewno znajdziemy rozwi\u0105zanie.<\/p>\r\n\r\n\r\n\r\n<p>Wysy\u0142k\u0119 realizuje firma kurierska DPD Polska. Standardowy czas dostawy to 1-2 dni robocze. Wysy\u0142ka za granice Polski mo\u017ce zaj\u0105\u0107 do 5 dni roboczych, w zale\u017cno\u015bci od kraju przeznaczenia. Na \u017cyczenie podajemy kod do \u015bledzenia zam\u00f3wienia po jego wys\u0142aniu.<\/p>\r\n\r\n\r\n\r\n<p><strong>Reklamacje, zwroty oraz odst\u0105pienie od zakupu<\/strong><\/p>\r\n\r\n\r\n\r\n<p>W zwi\u0105zku z tym, \u017ce wszystkie produkty s\u0105 przygotowywane pod konkretne zam\u00f3wienie w oparci o specyfikacj\u0119 kupuj\u0105cego, niestety nie ma mo\u017cliwo\u015bci ich zwr\u00f3cenia. Z tego samego powodu nie ma mo\u017cliwo\u015bci odst\u0105pienia od zakupu po tym, jak rozpocz\u0105\u0142 si\u0119 proces jego realizacji. Wymiany dokonujemy je\u015bli otrzymany produkt zosta\u0142 uszkodzony w transporcie b\u0105d\u017a je\u015bli nie jest zgodny z uzgonion\u0105 specyfikacj\u0105. Je\u015bli przesy\u0142ka zosta\u0142a dostarczona z uszkodzeniami, konieczne b\u0119dzie wykonanie zdj\u0119\u0107 uszkodzonego opakowania przed jego otwarciem ze wzgl\u0119du na wymagania ubezpieczyciela. Je\u015bli taka sytuacja b\u0119dzie mia\u0142a miejsce, prosimy o niezw\u0142oczny kontakt na maila contact@sebastiannapora.com. Wszystkie zg\u0142oszenia b\u0119d\u0105 rozpatrywane niezw\u0142ocznie, najp\u00f3\u017aniej w terminie 30 dni.<\/p>\r\n\r\n\r\n\r\n<p>Je\u015bli nie otrzymasz przesy\u0142ki w ci\u0105gu 7 dni od powiadomienia o jej wys\u0142aniu, r\u00f3wnie\u017c prosimy o maila na contact@sebastiannapora.com. Zrobimy wtedy co w naszej mocy aby j\u0105 zlokalizowa\u0107 lub jak najszybciej wys\u0142a\u0107 kolejny produkt, je\u015bli si\u0119 zagubi na dobre.<\/p>\r\n\r\n\r\n\r\n<h4 class=\"wp-block-heading\">Informacje kontaktowe<\/h4>\r\n\r\n\r\n\r\n<p>Je\u015bli masz jakiekolwiek pytania odno\u015bnie Regulaminu, prosimu o kontakt przez formularz na stronie <a href=\"https:\/\/sebastiannapora.com\/pl\/o-mnie-kontakt\/\">O Mnie | Kontakt<\/a>.<\/p>\r\n\r\n\r\n\r\n<p>Firma Sebastian Napora jest podmiotem gospodarczym zarejestrowanym w Polsce pod adresem: <br \/>Sebastian Napora, ul. 28 lipca 1943r. 27c\/1, 30-233 Krakow, NIP: 6621199573, Regon 634594678, Telefon: 510603468.<\/p>\r\n","protected":false},"excerpt":{"rendered":"<p>Informacje o prawach autorskich Wszystkie fotografie oraz teksty zamieszczone na stronie sebastiannapora.com s\u0105 w\u0142asno\u015bci\u0105 Sebastiana Napory i chronione prawem autorskim. [&hellip;]<\/p>\n","protected":false},"author":1,"featured_media":0,"parent":0,"menu_order":0,"comment_status":"closed","ping_status":"open","template":"","meta":{"footnotes":""},"class_list":["post-7400","page","type-page","status-publish","hentry"],"_links":{"self":[{"href":"https:\/\/sebastiannapora.com\/pl\/wp-json\/wp\/v2\/pages\/7400","targetHints":{"allow":["GET"]}}],"collection":[{"href":"https:\/\/sebastiannapora.com\/pl\/wp-json\/wp\/v2\/pages"}],"about":[{"href":"https:\/\/sebastiannapora.com\/pl\/wp-json\/wp\/v2\/types\/page"}],"author":[{"embeddable":true,"href":"https:\/\/sebastiannapora.com\/pl\/wp-json\/wp\/v2\/users\/1"}],"replies":[{"embeddable":true,"href":"https:\/\/sebastiannapora.com\/pl\/wp-json\/wp\/v2\/comments?post=7400"}],"version-history":[{"count":0,"href":"https:\/\/sebastiannapora.com\/pl\/wp-json\/wp\/v2\/pages\/7400\/revisions"}],"wp:attachment":[{"href":"https:\/\/sebastiannapora.com\/pl\/wp-json\/wp\/v2\/media?parent=7400"}],"curies":[{"name":"wp","href":"https:\/\/api.w.org\/{rel}","templated":true}]}}