{"id":7390,"date":"2021-01-28T20:11:59","date_gmt":"2021-01-28T19:11:59","guid":{"rendered":"https:\/\/sebastiannapora.com\/o-mnie-kontakt\/"},"modified":"2022-03-07T10:48:25","modified_gmt":"2022-03-07T09:48:25","slug":"o-mnie-kontakt","status":"publish","type":"page","link":"https:\/\/sebastiannapora.com\/pl\/o-mnie-kontakt\/","title":{"rendered":"O mnie &amp; kontakt"},"content":{"rendered":"<div class=\"wpb-content-wrapper\"><p>[vc_row unlock_row_content=&#8221;yes&#8221; row_height_percent=&#8221;100&#8243; override_padding=&#8221;yes&#8221; h_padding=&#8221;0&#8243; top_padding=&#8221;0&#8243; bottom_padding=&#8221;0&#8243; back_color=&#8221;color-xsdn&#8221; overlay_alpha=&#8221;50&#8243; equal_height=&#8221;yes&#8221; gutter_size=&#8221;3&#8243; column_width_percent=&#8221;100&#8243; shift_y=&#8221;0&#8243; z_index=&#8221;0&#8243;][vc_column column_width_percent=&#8221;100&#8243; gutter_size=&#8221;3&#8243; expand_height=&#8221;yes&#8221; style=&#8221;dark&#8221; overlay_alpha=&#8221;50&#8243; shift_x=&#8221;0&#8243; shift_y=&#8221;0&#8243; shift_y_down=&#8221;0&#8243; z_index=&#8221;0&#8243; medium_width=&#8221;0&#8243; mobile_width=&#8221;0&#8243; width=&#8221;1\/1&#8243;][vc_row_inner row_inner_height_percent=&#8221;0&#8243; overlay_alpha=&#8221;50&#8243; equal_height=&#8221;yes&#8221; gutter_size=&#8221;0&#8243; shift_y=&#8221;0&#8243; limit_content=&#8221;&#8221;][vc_column_inner column_width_use_pixel=&#8221;yes&#8221; position_vertical=&#8221;bottom&#8221; gutter_size=&#8221;3&#8243; back_image=&#8221;5382&#8243; back_position=&#8221;center center&#8221; overlay_alpha=&#8221;50&#8243; shift_x=&#8221;0&#8243; shift_y=&#8221;0&#8243; shift_y_down=&#8221;0&#8243; z_index=&#8221;0&#8243; medium_width=&#8221;0&#8243; mobile_width=&#8221;0&#8243; width=&#8221;1\/2&#8243; mobile_height=&#8221;1000&#8243;][\/vc_column_inner][vc_column_inner column_width_percent=&#8221;65&#8243; position_vertical=&#8221;middle&#8221; gutter_size=&#8221;3&#8243; override_padding=&#8221;yes&#8221; column_padding=&#8221;3&#8243; style=&#8221;light&#8221; overlay_alpha=&#8221;50&#8243; shift_x=&#8221;0&#8243; shift_y=&#8221;0&#8243; shift_y_down=&#8221;0&#8243; z_index=&#8221;0&#8243; medium_width=&#8221;0&#8243; mobile_width=&#8221;0&#8243; width=&#8221;1\/2&#8243; mobile_height=&#8221;600&#8243;][vc_custom_heading heading_semantic=&#8221;h1&#8243; text_weight=&#8221;400&#8243; text_transform=&#8221;uppercase&#8221; separator=&#8221;yes&#8221; separator_color=&#8221;yes&#8221; text_align=&#8221;text-left&#8221; uncode_shortcode_id=&#8221;212896&#8243;]Sebastian Napora[\/vc_custom_heading][vc_column_text]Najch\u0119tniej okre\u015blam siebie jako introwertyka, dla kt\u00f3rego fotografia sta\u0142a si\u0119 sposobem na zbli\u017cenie si\u0119 do drugiego cz\u0142owieka. Jestem te\u017c mi\u0142o\u015bnikiem podr\u00f3\u017cy, a w zasadzie przygl\u0105dania si\u0119 zwyk\u0142ym ludziom, kt\u00f3rzy wywodz\u0105 si\u0119 z r\u00f3\u017cnych kultur, wierz\u0105 w inne ni\u017c my \u015bwi\u0119to\u015bci, czy ho\u0142duj\u0105 innym ni\u017c my pryncypiom.<\/p>\n<p>W moich fotografiach najwa\u017cniejszy jest cz\u0142owiek, wyra\u017cane przez niego emocje oraz zwyk\u0142e codzienne \u017cycie, kt\u00f3re dzieje si\u0119 na ulicach miast, miasteczek czy wsi.<\/p>\n<p class=\"has-text-align-left\">Fotografia sta\u0142a si\u0119 moj\u0105 pasj\u0105 odk\u0105d dosta\u0142em w prezencie pierwszy aparat, rosyjsk\u0105 smien\u0119 8 w wieku 10 lat. Kilka lat p\u00f3\u017aniej skompletowa\u0142em ju\u017c ca\u0142y sprz\u0119t do wywo\u0142ywania zdj\u0119\u0107 w \u0142azienkowej ciemni, gdzie miesi\u0119czne powstawa\u0142o nawet kilkaset odbitek. Wiele z nich ci\u0105gle trzymam w swoich zbiorach, chocia\u017c przez te wszystkie lata zd\u0105\u017cy\u0142y po\u017c\u00f3\u0142kn\u0105\u0107. Od czasu do czasu wracam do robienia zdj\u0119\u0107 na filmie ale proces wywo\u0142ywania i edycji zdj\u0119\u0107 jest ju\u017c w pe\u0142ni cyfrowy.<\/p>\n<p>[\/vc_column_text][vc_custom_heading text_size=&#8221;h4&#8243; text_weight=&#8221;400&#8243; text_transform=&#8221;uppercase&#8221; separator=&#8221;yes&#8221; separator_color=&#8221;yes&#8221; text_align=&#8221;text-left&#8221; uncode_shortcode_id=&#8221;179537&#8243;]Wystawy[\/vc_custom_heading][vc_column_text uncode_shortcode_id=&#8221;337968&#8243;]<\/p>\n<ul>\n<li>Przy\u0142apani w my\u015blach &#8211; CK J\u0119drzej\u00f3w, stycze\u0144 2022<\/li>\n<li>Przy\u0142apani w my\u015blach &#8211; <a href=\"https:\/\/www.psck.pl\/archiwum-wydarzen\/1446-otografia-i-muzyka-niezwykla-wystawa-w-klubie-piwnica-pod-belwederem.html\" target=\"_blank\" rel=\"noopener\">PSCK Pi\u0144cz\u00f3w<\/a>, listopad\/ grudzie\u0144 2021<\/li>\n<\/ul>\n<p>[\/vc_column_text][vc_custom_heading text_size=&#8221;h4&#8243; text_weight=&#8221;400&#8243; text_transform=&#8221;uppercase&#8221; separator=&#8221;yes&#8221; separator_color=&#8221;yes&#8221; text_align=&#8221;text-left&#8221; uncode_shortcode_id=&#8221;823657&#8243;]Nagrody[\/vc_custom_heading][vc_column_text uncode_shortcode_id=&#8221;438643&#8243;]<\/p>\n<ul>\n<li><a href=\"https:\/\/sebastiannapora.com\/pl\/zdjecia-na-sciane\/ucieczka-z-opery\/\">Ucieczka z Opery<\/a> &#8211; I nagroda w kategorii Minimalizm w Otwartych Mistrzostwach Fotograficznych zorganizowanych przez MOK Olsztyn. Stycze\u0144 2022<\/li>\n<\/ul>\n<p>[\/vc_column_text][vc_custom_heading heading_semantic=&#8221;h3&#8243; text_size=&#8221;h4&#8243; text_weight=&#8221;400&#8243; text_transform=&#8221;uppercase&#8221; separator=&#8221;yes&#8221; separator_color=&#8221;yes&#8221; text_align=&#8221;text-left&#8221; uncode_shortcode_id=&#8221;219212&#8243;]Kontakt[\/vc_custom_heading][vc_column_text uncode_shortcode_id=&#8221;718181&#8243;]e-mail: contact@sebastiannapora.com[\/vc_column_text][\/vc_column_inner][\/vc_row_inner][\/vc_column][\/vc_row]<\/p>\n<\/div>","protected":false},"excerpt":{"rendered":"<p>[vc_row unlock_row_content=&#8221;yes&#8221; row_height_percent=&#8221;100&#8243; override_padding=&#8221;yes&#8221; h_padding=&#8221;0&#8243; top_padding=&#8221;0&#8243; bottom_padding=&#8221;0&#8243; back_color=&#8221;color-xsdn&#8221; overlay_alpha=&#8221;50&#8243; equal_height=&#8221;yes&#8221; gutter_size=&#8221;3&#8243; column_width_percent=&#8221;100&#8243; shift_y=&#8221;0&#8243; z_index=&#8221;0&#8243;][vc_column column_width_percent=&#8221;100&#8243; gutter_size=&#8221;3&#8243; expand_height=&#8221;yes&#8221; style=&#8221;dark&#8221; overlay_alpha=&#8221;50&#8243; shift_x=&#8221;0&#8243; [&hellip;]<\/p>\n","protected":false},"author":1,"featured_media":0,"parent":0,"menu_order":0,"comment_status":"closed","ping_status":"closed","template":"","meta":{"footnotes":""},"class_list":["post-7390","page","type-page","status-publish","hentry"],"_links":{"self":[{"href":"https:\/\/sebastiannapora.com\/pl\/wp-json\/wp\/v2\/pages\/7390","targetHints":{"allow":["GET"]}}],"collection":[{"href":"https:\/\/sebastiannapora.com\/pl\/wp-json\/wp\/v2\/pages"}],"about":[{"href":"https:\/\/sebastiannapora.com\/pl\/wp-json\/wp\/v2\/types\/page"}],"author":[{"embeddable":true,"href":"https:\/\/sebastiannapora.com\/pl\/wp-json\/wp\/v2\/users\/1"}],"replies":[{"embeddable":true,"href":"https:\/\/sebastiannapora.com\/pl\/wp-json\/wp\/v2\/comments?post=7390"}],"version-history":[{"count":17,"href":"https:\/\/sebastiannapora.com\/pl\/wp-json\/wp\/v2\/pages\/7390\/revisions"}],"predecessor-version":[{"id":103418,"href":"https:\/\/sebastiannapora.com\/pl\/wp-json\/wp\/v2\/pages\/7390\/revisions\/103418"}],"wp:attachment":[{"href":"https:\/\/sebastiannapora.com\/pl\/wp-json\/wp\/v2\/media?parent=7390"}],"curies":[{"name":"wp","href":"https:\/\/api.w.org\/{rel}","templated":true}]}}